{"id":16362,"date":"2025-11-15T22:23:33","date_gmt":"2025-11-15T22:23:33","guid":{"rendered":"https:\/\/marrakechtips.com\/pagina-de-funciones-privacidad-y-cookies\/"},"modified":"2025-11-15T22:23:37","modified_gmt":"2025-11-15T22:23:37","slug":"pagina-de-funciones-privacidad-y-cookies","status":"publish","type":"page","link":"https:\/\/marrakechtips.com\/es\/pagina-de-funciones-privacidad-y-cookies\/","title":{"rendered":"P\u00e1gina de funciones: Privacidad y cookies"},"content":{"rendered":"\t\t<div data-elementor-type=\"wp-page\" data-elementor-id=\"16362\" class=\"elementor elementor-16362 elementor-1713\" data-elementor-post-type=\"page\">\n\t\t\t\t<div class=\"elementor-element elementor-element-16c0e70d e-flex e-con-boxed e-con e-parent\" data-id=\"16c0e70d\" data-element_type=\"container\" data-e-type=\"container\">\n\t\t\t\t\t<div class=\"e-con-inner\">\n\t\t\t\t<div class=\"elementor-element elementor-element-1a5f1159 elementor-widget elementor-widget-text-editor\" data-id=\"1a5f1159\" data-element_type=\"widget\" data-e-type=\"widget\" data-widget_type=\"text-editor.default\">\n\t\t\t\t<div class=\"elementor-widget-container\">\n\t\t\t\t\t\t\t\t\t<h1 style=\"text-align: center;\">Pol\u00edtica de privacidad<\/h1><p style=\"text-align: center;\"><strong>\u00daltima actualizaci\u00f3n:<\/strong> 9 de julio de 2025<\/p><p style=\"text-align: center;\">Bienvenido a <strong>Marrakechtips.com<\/strong>. Respetamos tu privacidad y nos comprometemos a proteger tu informaci\u00f3n personal. Esta Pol\u00edtica de Privacidad describe c\u00f3mo recogemos, utilizamos y protegemos tus datos cuando visitas nuestro sitio web o utilizas nuestros servicios.  <\/p><h2 style=\"text-align: center;\">1. Informaci\u00f3n que recogemos<\/h2><p style=\"text-align: center;\"><strong>Datos personales:<\/strong> Cuando rellenas un formulario, reservas un viaje o te pones en contacto con nosotros, podemos recopilar tu nombre, correo electr\u00f3nico, n\u00famero de tel\u00e9fono y datos del viaje.<\/p><p style=\"text-align: center;\"><strong>Datos de pago:<\/strong> Si haces una reserva o solicitas pagar mediante transferencia bancaria, recopilamos la informaci\u00f3n pertinente sobre el pago o la transacci\u00f3n. (No almacenamos los datos de la tarjeta de cr\u00e9dito). <\/p><p style=\"text-align: center;\"><strong>Datos de uso:<\/strong> Recogemos datos an\u00f3nimos como el tipo de navegador, la direcci\u00f3n IP, las p\u00e1ginas visitadas y el tiempo pasado en el sitio.<\/p><h2 style=\"text-align: center;\">2. C\u00f3mo utilizamos tu informaci\u00f3n<\/h2><p style=\"text-align: center;\">Para procesar las reservas de viajes y responder a tus consultas.<\/p><p style=\"text-align: center;\">Para mejorar nuestros servicios y la experiencia del usuario en Marrakechtips.com.<\/p><p style=\"text-align: center;\">Para enviarte confirmaciones, actualizaciones o comunicaciones de marketing (s\u00f3lo con tu consentimiento).<\/p><h2 style=\"text-align: center;\">3. Compartir tus datos<\/h2><p style=\"text-align: center;\">No vendemos ni alquilamos tus datos personales. Tu informaci\u00f3n s\u00f3lo puede ser compartida con proveedores de servicios o socios de confianza para cumplir con tu reserva (por ejemplo, gu\u00edas locales, hoteles), y s\u00f3lo con tu consentimiento. <\/p><p style=\"text-align: center;\">En particular, algunos de tus datos personales (como tu nombre, correo electr\u00f3nico y detalles del viaje) pueden ser compartidos de forma segura con nuestra plataforma de reservas y pagos, <strong>WeTravel<\/strong>, para procesar tus reservas y pagos. WeTravel opera bajo sus propias y estrictas pol\u00edticas de privacidad de datos y cumple las normas mundiales de protecci\u00f3n de datos. Tu informaci\u00f3n s\u00f3lo se utiliza para organizar tu viaje y garantizar la seguridad del pago.  <\/p><h2 style=\"text-align: center;\">4. Seguridad de los datos<\/h2><p style=\"text-align: center;\">Aplicamos medidas t\u00e9cnicas y organizativas para proteger tus datos contra el acceso no autorizado o el uso indebido. Sin embargo, ning\u00fan m\u00e9todo de transmisi\u00f3n en l\u00ednea es 100% seguro. <\/p><h2 style=\"text-align: center;\">5. Cookies<\/h2><p style=\"text-align: center;\">Utilizamos cookies para mejorar el rendimiento del sitio web y la experiencia del usuario. Puedes controlar o desactivar las cookies en la configuraci\u00f3n de tu navegador. <\/p><h2 style=\"text-align: center;\">6. Tus derechos<\/h2><p style=\"text-align: center;\">Tienes derecho a acceder, rectificar o solicitar la supresi\u00f3n de tus datos personales. Para ello, ponte en contacto directamente con nosotros. <\/p><h2 style=\"text-align: center;\">7. Enlaces de terceros<\/h2><p style=\"text-align: center;\">Nuestro sitio web puede contener enlaces a sitios web de terceros (por ejemplo, Viator, Booking.com, WeTravel). No somos responsables de sus pr\u00e1cticas de privacidad ni de su contenido. <\/p><h2 style=\"text-align: center;\">8. Actualizaciones de esta Pol\u00edtica<\/h2><p style=\"text-align: center;\">Podemos actualizar esta Pol\u00edtica de Privacidad de vez en cuando. La versi\u00f3n actualizada se publicar\u00e1 en esta p\u00e1gina con la fecha de revisi\u00f3n. <\/p><h2 style=\"text-align: center;\">9. Contacta con nosotros<\/h2><p style=\"text-align: center;\">Si tienes alguna pregunta o duda sobre esta pol\u00edtica o tus datos, ponte en contacto con nosotros:<\/p><p style=\"text-align: center;\">\ud83d\udce7 Correo electr\u00f3nico: <a href=\"mailto:contact@marrakechtips.com\">contact@marrakechtips.com<br>\ud83d\udcde<\/a> WhatsApp: +212705640119<\/p><p style=\"text-align: center;\">Gracias por confiar tu experiencia de viaje a Marrakechtips.<\/p>\t\t\t\t\t\t\t\t<\/div>\n\t\t\t\t<\/div>\n\t\t\t\t\t<\/div>\n\t\t\t\t<\/div>\n\t\t\t\t<\/div>\n\t\t","protected":false},"excerpt":{"rendered":"<p>Pol\u00edtica de privacidad \u00daltima actualizaci\u00f3n: 9 de julio de 2025 Bienvenido a Marrakechtips.com. Respetamos tu privacidad y nos comprometemos a proteger tu informaci\u00f3n personal. Esta Pol\u00edtica de Privacidad describe c\u00f3mo recogemos, utilizamos y protegemos tus datos cuando visitas nuestro sitio web o utilizas nuestros servicios. 1. Informaci\u00f3n que recogemos Datos personales: Cuando rellenas un formulario, [&hellip;]<\/p>\n","protected":false},"author":1,"featured_media":0,"parent":0,"menu_order":0,"comment_status":"open","ping_status":"open","template":"elementor_header_footer","meta":{"footnotes":""},"class_list":["post-16362","page","type-page","status-publish","has-post-thumbnail","hentry"],"_hostinger_reach_plugin_has_subscription_block":false,"_hostinger_reach_plugin_is_elementor":false,"_links":{"self":[{"href":"https:\/\/marrakechtips.com\/es\/wp-json\/wp\/v2\/pages\/16362","targetHints":{"allow":["GET"]}}],"collection":[{"href":"https:\/\/marrakechtips.com\/es\/wp-json\/wp\/v2\/pages"}],"about":[{"href":"https:\/\/marrakechtips.com\/es\/wp-json\/wp\/v2\/types\/page"}],"author":[{"embeddable":true,"href":"https:\/\/marrakechtips.com\/es\/wp-json\/wp\/v2\/users\/1"}],"replies":[{"embeddable":true,"href":"https:\/\/marrakechtips.com\/es\/wp-json\/wp\/v2\/comments?post=16362"}],"version-history":[{"count":1,"href":"https:\/\/marrakechtips.com\/es\/wp-json\/wp\/v2\/pages\/16362\/revisions"}],"predecessor-version":[{"id":16364,"href":"https:\/\/marrakechtips.com\/es\/wp-json\/wp\/v2\/pages\/16362\/revisions\/16364"}],"wp:attachment":[{"href":"https:\/\/marrakechtips.com\/es\/wp-json\/wp\/v2\/media?parent=16362"}],"curies":[{"name":"wp","href":"https:\/\/api.w.org\/{rel}","templated":true}]}}