{"id":18457,"date":"2026-01-15T23:44:15","date_gmt":"2026-01-15T23:44:15","guid":{"rendered":"https:\/\/marrakechtips.com\/informacion-de-la-empresa\/"},"modified":"2026-01-15T23:50:42","modified_gmt":"2026-01-15T23:50:42","slug":"informacion-de-la-empresa","status":"publish","type":"page","link":"https:\/\/marrakechtips.com\/es\/informacion-de-la-empresa\/","title":{"rendered":"Informaci\u00f3n de la empresa"},"content":{"rendered":"\t\t<div data-elementor-type=\"wp-page\" data-elementor-id=\"18457\" class=\"elementor elementor-18457 elementor-17582\" data-elementor-post-type=\"page\">\n\t\t\t\t<div class=\"elementor-element elementor-element-867a70d e-flex e-con-boxed e-con e-parent\" data-id=\"867a70d\" data-element_type=\"container\" data-e-type=\"container\">\n\t\t\t\t\t<div class=\"e-con-inner\">\n\t\t\t\t<div class=\"elementor-element elementor-element-0502030 elementor-widget elementor-widget-html\" data-id=\"0502030\" data-element_type=\"widget\" data-e-type=\"widget\" data-widget_type=\"html.default\">\n\t\t\t\t<div class=\"elementor-widget-container\">\n\t\t\t\t\t<!-- MarrakechTips About Section (Isolated) -->\n<div id=\"mt-about-wrapper\"><style>#mt-about-wrapper {\n      all: initial;\n      display: block;\n      font-family: Arial, Helvetica, sans-serif;\n      color: #222;\n      line-height: 1.6;\n    }\n\n    #mt-about-wrapper * {\n      box-sizing: border-box;\n    }\n\n    #mt-about-wrapper .container {\n      max-width: 900px;\n      margin: auto;\n      background: #ffffff;\n      padding: 40px 30px;\n    }\n\n    #mt-about-wrapper h1,\n    #mt-about-wrapper h2 {\n      color: #111;\n      margin: 0 0 12px;\n      font-weight: 700;\n    }\n\n    #mt-about-wrapper h1 {\n      font-size: 32px;\n    }\n\n    #mt-about-wrapper h2 {\n      font-size: 22px;\n      margin-top: 40px;\n    }\n\n    #mt-about-wrapper p {\n      font-size: 15px;\n      margin: 10px 0;\n    }\n\n    #mt-about-wrapper ul {\n      padding-left: 20px;\n      margin: 12px 0;\n    }\n\n    #mt-about-wrapper li {\n      margin-bottom: 6px;\n      font-size: 15px;\n    }\n\n    #mt-about-wrapper .badge {\n      display: inline-block;\n      background: #111;\n      color: #fff;\n      padding: 6px 12px;\n      border-radius: 6px;\n      font-size: 13px;\n      margin-bottom: 20px;\n    }\n\n    #mt-about-wrapper .info-box {\n      background: #f2f2f2;\n      padding: 20px;\n      border-left: 4px solid #111;\n      margin-top: 20px;\n    }\n\n    #mt-about-wrapper .cta {\n      margin-top: 40px;\n      text-align: center;\n    }\n\n    #mt-about-wrapper .cta a {\n      background: #111;\n      color: #fff;\n      padding: 14px 26px;\n      border-radius: 8px;\n      text-decoration: none;\n      font-weight: 600;\n      display: inline-block;\n    }\n\n    #mt-about-wrapper .footer-note {\n      margin-top: 50px;\n      font-size: 14px;\n      color: #555;\n      text-align: center;\n    }\n  <\/style><div class=\"container\"><span class=\"badge\">Empresa registrada y de confianza<\/span><h1>Sobre MarrakechTips<\/h1><p><strong>MarrakechTips<\/strong> es una empresa de viajes legalmente registrada que ofrece\n      <strong>experiencias locales, excursiones de un d\u00eda y tours de varios d\u00edas en Marruecos<\/strong>.\n      Trabajamos directamente con viajeros que buscan experiencias aut\u00e9nticas, seguras y bien organizadas,\n      guiadas por un local de confianza.\n    <\/p><h2>Qui\u00e9nes somos<\/h2><p>MarrakechTips fue fundada por <strong>Houssine<\/strong>, un profesional local con sede en Marrakech,\n      con a\u00f1os de experiencia trabajando con viajeros internacionales.\n      Nuestro objetivo es simple: ayudar a los visitantes a descubrir Marruecos de una manera aut\u00e9ntica y responsable.\n    <\/p><h2>Informaci\u00f3n legal de la empresa<\/h2><div class=\"info-box\"><p><strong>Nombre de la empresa:<\/strong> MarrakechTips LLC<\/p><p><strong>Tipo de actividad:<\/strong> Servicios de viajes y turismo<\/p><p><strong>Direcci\u00f3n registrada:<\/strong><br\/>5830 E 2nd St, Ste 7000 #30489<br\/>Casper, WY 82609<br\/>Estados Unidos\n      <\/p><p><strong>Ubicaci\u00f3n operativa:<\/strong> Marrakech, Marruecos<\/p><\/div><p>MarrakechTips opera de manera transparente y trabaja con socios locales con licencia,\n      conductores y gu\u00edas para garantizar que todos los servicios cumplan con los est\u00e1ndares profesionales.\n    <\/p><h2>Por qu\u00e9 los viajeros conf\u00edan en MarrakechTips<\/h2><ul><li>\u2714 Empresa registrada<\/li><li>\u2714 Experiencias locales reales, no turismo masivo<\/li><li>\u2714 Comunicaci\u00f3n directa por WhatsApp o correo electr\u00f3nico<\/li><li>\u2714 Opiniones de clientes verificadas y clientes recurrentes<\/li><li>\u2714 Pagos seguros a trav\u00e9s de plataformas confiables<\/li><\/ul><h2>Nuestro compromiso<\/h2><p>Creemos que la confianza se construye a trav\u00e9s de la honestidad, la transparencia y un servicio personalizado.\n      Desde el primer mensaje hasta el final de su viaje, estamos disponibles para apoyarle,\n      responder a sus preguntas y asegurarnos de que su experiencia en Marruecos sea inolvidable.\n    <\/p><div class=\"cta\"><a href=\"https:\/\/marrakechtips.com\/fr\/contact\/\">Cont\u00e1ctenos \/ Reserve con confianza<\/a><\/div><div class=\"footer-note\">\u00a9 MarrakechTips \u2013 Experiencias locales aut\u00e9nticas en Marruecos\n    <\/div><\/div><\/div><!-- End MarrakechTips About Section -->\n\t\t\t\t<\/div>\n\t\t\t\t<\/div>\n\t\t\t\t\t<\/div>\n\t\t\t\t<\/div>\n\t\t\t\t<\/div>\n\t\t","protected":false},"excerpt":{"rendered":"<p>Empresa registrada y de confianza Sobre MarrakechTips MarrakechTips es una empresa de viajes legalmente registrada que ofrece experiencias locales, excursiones de un d\u00eda y tours de varios d\u00edas en Marruecos. Trabajamos directamente con viajeros que buscan experiencias aut\u00e9nticas, seguras y bien organizadas, guiadas por un local de confianza. Qui\u00e9nes somos MarrakechTips fue fundada por Houssine, [&hellip;]<\/p>\n","protected":false},"author":1,"featured_media":17922,"parent":0,"menu_order":0,"comment_status":"closed","ping_status":"closed","template":"","meta":{"footnotes":""},"class_list":["post-18457","page","type-page","status-publish","has-post-thumbnail","hentry"],"_hostinger_reach_plugin_has_subscription_block":false,"_hostinger_reach_plugin_is_elementor":false,"_links":{"self":[{"href":"https:\/\/marrakechtips.com\/es\/wp-json\/wp\/v2\/pages\/18457","targetHints":{"allow":["GET"]}}],"collection":[{"href":"https:\/\/marrakechtips.com\/es\/wp-json\/wp\/v2\/pages"}],"about":[{"href":"https:\/\/marrakechtips.com\/es\/wp-json\/wp\/v2\/types\/page"}],"author":[{"embeddable":true,"href":"https:\/\/marrakechtips.com\/es\/wp-json\/wp\/v2\/users\/1"}],"replies":[{"embeddable":true,"href":"https:\/\/marrakechtips.com\/es\/wp-json\/wp\/v2\/comments?post=18457"}],"version-history":[{"count":7,"href":"https:\/\/marrakechtips.com\/es\/wp-json\/wp\/v2\/pages\/18457\/revisions"}],"predecessor-version":[{"id":18470,"href":"https:\/\/marrakechtips.com\/es\/wp-json\/wp\/v2\/pages\/18457\/revisions\/18470"}],"wp:featuredmedia":[{"embeddable":true,"href":"https:\/\/marrakechtips.com\/es\/wp-json\/wp\/v2\/media\/17922"}],"wp:attachment":[{"href":"https:\/\/marrakechtips.com\/es\/wp-json\/wp\/v2\/media?parent=18457"}],"curies":[{"name":"wp","href":"https:\/\/api.w.org\/{rel}","templated":true}]}}