{"id":16068,"date":"2025-07-09T17:20:48","date_gmt":"2025-07-09T17:20:48","guid":{"rendered":"https:\/\/marrakechtips.com\/terms-of-use\/"},"modified":"2026-01-25T20:55:07","modified_gmt":"2026-01-25T20:55:07","slug":"terms-of-use","status":"publish","type":"page","link":"https:\/\/marrakechtips.com\/fr\/terms-of-use\/","title":{"rendered":"Conditions d&rsquo;utilisation"},"content":{"rendered":"<h1 data-start=\"294\" data-end=\"311\" data-rm-block-id=\"block-1\">MARRAKECHTIPS<\/h1>\n<h2 data-start=\"312\" data-end=\"333\" data-rm-block-id=\"block-2\">Termes &amp; Conditions<\/h2>\n<p data-start=\"335\" data-end=\"563\" data-rm-block-id=\"block-3\">Veuillez lire attentivement ces Conditions g\u00e9n\u00e9rales avant de confirmer votre r\u00e9servation avec Marrakechtips.<br \/>En compl\u00e9tant votre r\u00e9servation et en effectuant le paiement, vous confirmez avoir lu, compris et accept\u00e9 les politiques ci-dessous.<\/p>\n<p data-start=\"565\" data-end=\"649\" data-rm-block-id=\"block-4\">Si vous avez des questions, notre \u00e9quipe se fera un plaisir de vous assister avant votre r\u00e9servation.<\/p>\n<hr data-start=\"651\" data-end=\"654\" data-rm-block-id=\"block-5\">\n<h2 data-start=\"656\" data-end=\"693\" data-rm-block-id=\"block-6\">1) Coupons, R\u00e9ductions &amp; Promotions<\/h2>\n<ul data-start=\"695\" data-end=\"980\">\n<li data-start=\"695\" data-end=\"801\">\n<p data-start=\"697\" data-end=\"801\" data-rm-block-id=\"block-7\">Les codes promotionnels s&rsquo;appliquent uniquement aux r\u00e9servations directes effectu\u00e9es via Marrakechtips.com, sauf indication contraire.<\/p>\n<\/li>\n<li data-start=\"802\" data-end=\"876\">\n<p data-start=\"804\" data-end=\"876\" data-rm-block-id=\"block-8\">Les r\u00e9ductions et promotions ne peuvent pas \u00eatre combin\u00e9es sauf indication contraire.<\/p>\n<\/li>\n<li data-start=\"877\" data-end=\"980\">\n<p data-start=\"879\" data-end=\"980\" data-rm-block-id=\"block-9\">Certaines offres peuvent avoir des dates d\u2019expiration ; veuillez vous r\u00e9f\u00e9rer aux conditions indiqu\u00e9es dans le message promotionnel.<\/p>\n<\/li>\n<\/ul>\n<hr data-start=\"982\" data-end=\"985\" data-rm-block-id=\"block-10\">\n<h2 data-start=\"987\" data-end=\"1019\" data-rm-block-id=\"block-11\">2) Responsabilit\u00e9 &amp; Responsabilit\u00e9 civile<\/h2>\n<p data-start=\"1021\" data-end=\"1105\" data-rm-block-id=\"block-12\">Marrakechtips agit en tant qu&rsquo;organisateur local et prestataire de services. Nous ne sommes pas responsables de: <\/p>\n<ul data-start=\"1107\" data-end=\"1409\">\n<li data-start=\"1107\" data-end=\"1151\">\n<p data-start=\"1109\" data-end=\"1151\" data-rm-block-id=\"block-13\">dommages corporels, maladie ou d\u00e9c\u00e8s,<\/p>\n<\/li>\n<li data-start=\"1152\" data-end=\"1211\">\n<p data-start=\"1154\" data-end=\"1211\" data-rm-block-id=\"block-14\">perte, vol ou d\u00e9t\u00e9rioration des effets personnels ou des bagages,<\/p>\n<\/li>\n<li data-start=\"1212\" data-end=\"1409\">\n<p data-start=\"1214\" data-end=\"1409\" data-rm-block-id=\"block-15\">retards ou perturbations caus\u00e9s par des circonstances ind\u00e9pendantes de notre volont\u00e9, y compris, sans s\u2019y limiter, les conditions m\u00e9t\u00e9orologiques, les gr\u00e8ves, les actions gouvernementales, les retards de vols, les fermetures de routes ou les catastrophes naturelles.<\/p>\n<\/li>\n<\/ul>\n<p data-start=\"1411\" data-end=\"1472\" data-rm-block-id=\"block-16\">Tous les participants participent aux visites et activit\u00e9s \u00e0 leurs propres risques.<\/p>\n<hr data-start=\"1474\" data-end=\"1477\" data-rm-block-id=\"block-17\">\n<h2 data-start=\"1479\" data-end=\"1517\" data-rm-block-id=\"block-18\">3) Types de r\u00e9servation &amp; Assurance voyage<\/h2>\n<ul data-start=\"1519\" data-end=\"1802\">\n<li data-start=\"1519\" data-end=\"1589\">\n<p data-start=\"1521\" data-end=\"1589\" data-rm-block-id=\"block-19\">Certains services sont propos\u00e9s avec des options remboursables ou non remboursables.<\/p>\n<\/li>\n<li data-start=\"1590\" data-end=\"1697\">\n<p data-start=\"1592\" data-end=\"1697\" data-rm-block-id=\"block-20\">Les r\u00e9servations remboursables peuvent \u00eatre annul\u00e9es gratuitement jusqu&rsquo;\u00e0 <strong data-start=\"1649\" data-end=\"1683\">24 heures avant l&rsquo;heure de d\u00e9but<\/strong> (heure locale).<\/p>\n<\/li>\n<li data-start=\"1698\" data-end=\"1802\">\n<p data-start=\"1700\" data-end=\"1802\" data-rm-block-id=\"block-21\">Les annulations effectu\u00e9es moins de 24 heures avant le service ne sont pas remboursables, quelle que soit la raison.<\/p>\n<\/li>\n<\/ul>\n<p data-start=\"1804\" data-end=\"1934\" data-rm-block-id=\"block-22\">Nous recommandons vivement de souscrire une assurance voyage compl\u00e8te couvrant les frais m\u00e9dicaux, l\u2019annulation de voyage, les retards et les bagages.<\/p>\n<hr data-start=\"1936\" data-end=\"1939\" data-rm-block-id=\"block-23\">\n<h2 data-start=\"1941\" data-end=\"1979\" data-rm-block-id=\"block-24\">4) Communication via WhatsApp \/ SMS<\/h2>\n<p data-start=\"1981\" data-end=\"2122\" data-rm-block-id=\"block-25\">En s\u00e9lectionnant l\u2019option de recevoir des mises \u00e0 jour via WhatsApp ou SMS, vous acceptez de recevoir des messages op\u00e9rationnels li\u00e9s \u00e0 votre r\u00e9servation, notamment :<\/p>\n<ul data-start=\"2124\" data-end=\"2237\">\n<li data-start=\"2124\" data-end=\"2148\">\n<p data-start=\"2126\" data-end=\"2148\" data-rm-block-id=\"block-26\">En s\u00e9lectionnant l\u2019option de recevoir des mises \u00e0 jour via WhatsApp ou SMS, vous acceptez de recevoir des messages op\u00e9rationnels li\u00e9s \u00e0 votre r\u00e9servation, notamment :<\/p>\n<\/li>\n<li data-start=\"2149\" data-end=\"2177\">\n<p data-start=\"2151\" data-end=\"2177\" data-rm-block-id=\"block-27\">informations sur le point de rendez-vous,<\/p>\n<\/li>\n<li data-start=\"2178\" data-end=\"2197\">\n<p data-start=\"2180\" data-end=\"2197\" data-rm-block-id=\"block-28\">mises \u00e0 jour du planning,<\/p>\n<\/li>\n<li data-start=\"2198\" data-end=\"2237\">\n<p data-start=\"2200\" data-end=\"2237\" data-rm-block-id=\"block-29\">notifications urgentes li\u00e9es au service.<\/p>\n<\/li>\n<\/ul>\n<p data-start=\"2239\" data-end=\"2439\" data-rm-block-id=\"block-30\">La fr\u00e9quence des messages peut varier. Des frais de messagerie standard peuvent s&rsquo;appliquer.<br \/>Votre num\u00e9ro de t\u00e9l\u00e9phone est strictement confidentiel et n\u2019est jamais partag\u00e9 avec des tiers ni utilis\u00e9 pour des messages marketing sans consentement. <\/p>\n<hr data-start=\"2441\" data-end=\"2444\" data-rm-block-id=\"block-31\">\n<h2 data-start=\"2446\" data-end=\"2479\" data-rm-block-id=\"block-32\">5) Arriv\u00e9es tardives \u2013 Visites de groupe<\/h2>\n<ul data-start=\"2481\" data-end=\"2696\">\n<li data-start=\"2481\" data-end=\"2559\">\n<p data-start=\"2483\" data-end=\"2559\" data-rm-block-id=\"block-33\">Veuillez arriver au point de rendez-vous au moins <strong data-start=\"2527\" data-end=\"2558\">15 minutes avant le d\u00e9part<\/strong>.<\/p>\n<\/li>\n<li data-start=\"2560\" data-end=\"2615\">\n<p data-start=\"2562\" data-end=\"2615\" data-rm-block-id=\"block-34\">Si vous arrivez en retard, le groupe peut partir sans vous.<\/p>\n<\/li>\n<li data-start=\"2616\" data-end=\"2696\">\n<p data-start=\"2618\" data-end=\"2696\" data-rm-block-id=\"block-35\">Les visites manqu\u00e9es en raison d&rsquo;une arriv\u00e9e tardive ne sont pas remboursables et ne peuvent pas \u00eatre report\u00e9es.<\/p>\n<\/li>\n<\/ul>\n<hr data-start=\"2698\" data-end=\"2701\" data-rm-block-id=\"block-36\">\n<h2 data-start=\"2703\" data-end=\"2738\" data-rm-block-id=\"block-37\">6) Arriv\u00e9es tardives \u2013 Visites priv\u00e9es<\/h2>\n<p data-start=\"2740\" data-end=\"2927\" data-rm-block-id=\"block-38\">Pour les visites priv\u00e9es, le chauffeur et le guide peuvent attendre en cas de retard.<br \/>Cependant, un temps d&rsquo;attente prolong\u00e9 peut entra\u00eener des frais suppl\u00e9mentaires, en fonction de la dur\u00e9e et de l&rsquo;impact sur l&rsquo;horaire.<\/p>\n<ul data-start=\"2929\" data-end=\"3116\">\n<li data-start=\"2929\" data-end=\"3032\">\n<p data-start=\"2931\" data-end=\"3032\" data-rm-block-id=\"block-39\">Si vous pr\u00e9voyez un retard, veuillez nous en informer d\u00e8s que possible en utilisant les coordonn\u00e9es figurant sur notre site web.<\/p>\n<\/li>\n<li data-start=\"3033\" data-end=\"3116\">\n<p data-start=\"3035\" data-end=\"3116\" data-rm-block-id=\"block-40\">Les modifications apport\u00e9es le jour m\u00eame \u00e0 l\u2019heure de d\u00e9part ou \u00e0 l\u2019itin\u00e9raire peuvent entra\u00eener des frais suppl\u00e9mentaires.<\/p>\n<\/li>\n<\/ul>\n<hr data-start=\"3118\" data-end=\"3121\" data-rm-block-id=\"block-41\">\n<h2 data-start=\"3123\" data-end=\"3154\" data-rm-block-id=\"block-42\">7) Arriv\u00e9es tardives \u2013 Transferts<\/h2>\n<ul data-start=\"3156\" data-end=\"3392\">\n<li data-start=\"3156\" data-end=\"3236\">\n<p data-start=\"3158\" data-end=\"3236\" data-rm-block-id=\"block-43\">Les chauffeurs surveillent les arriv\u00e9es des vols et attendront jusqu\u2019\u00e0 <strong data-start=\"3210\" data-end=\"3235\">2 heures apr\u00e8s l\u2019atterrissage<\/strong>.<\/p>\n<\/li>\n<li data-start=\"3237\" data-end=\"3327\">\n<p data-start=\"3239\" data-end=\"3327\" data-rm-block-id=\"block-44\">Si le retard d\u00e9passe 2 heures, le chauffeur peut \u00eatre amen\u00e9 \u00e0 partir pour d\u2019autres services programm\u00e9s.<\/p>\n<\/li>\n<li data-start=\"3328\" data-end=\"3392\">\n<p data-start=\"3330\" data-end=\"3392\" data-rm-block-id=\"block-45\">Dans de tels cas, un report sera propos\u00e9 dans la mesure du possible.<\/p>\n<\/li>\n<\/ul>\n<p data-start=\"3394\" data-end=\"3481\" data-rm-block-id=\"block-46\">Nous recommandons vivement une assurance voyage pour couvrir les retards impr\u00e9vus et les correspondances manqu\u00e9es.<\/p>\n<hr data-start=\"3483\" data-end=\"3486\" data-rm-block-id=\"block-47\">\n<h2 data-start=\"3488\" data-end=\"3527\" data-rm-block-id=\"block-48\">8) Identification &amp; v\u00e9rification de l&rsquo;\u00e2ge<\/h2>\n<ul data-start=\"3529\" data-end=\"3770\">\n<li data-start=\"3529\" data-end=\"3597\">\n<p data-start=\"3531\" data-end=\"3597\" data-rm-block-id=\"block-49\">Une pi\u00e8ce d&rsquo;identit\u00e9 valide peut \u00eatre requise pour certaines visites et certains billets d&rsquo;entr\u00e9e.<\/p>\n<\/li>\n<li data-start=\"3598\" data-end=\"3656\">\n<p data-start=\"3600\" data-end=\"3656\" data-rm-block-id=\"block-50\">Les \u00e2ges doivent correspondre aux informations fournies lors de la r\u00e9servation.<\/p>\n<\/li>\n<li data-start=\"3657\" data-end=\"3770\">\n<p data-start=\"3659\" data-end=\"3770\" data-rm-block-id=\"block-51\">Les enfants de moins de 18 ans et les \u00e9tudiants (18\u201326) peuvent \u00eatre invit\u00e9s \u00e0 pr\u00e9senter une pi\u00e8ce d&rsquo;identit\u00e9 ou une preuve de statut \u00e9tudiant le cas \u00e9ch\u00e9ant.<\/p>\n<\/li>\n<\/ul>\n<hr data-start=\"3772\" data-end=\"3775\" data-rm-block-id=\"block-52\">\n<h2 data-start=\"3777\" data-end=\"3804\" data-rm-block-id=\"block-53\">9) Ajustements d&rsquo;itin\u00e9raire<\/h2>\n<p data-start=\"3806\" data-end=\"3988\" data-rm-block-id=\"block-54\">9) Ajustements d&rsquo;itin\u00e9raire<\/p>\n<hr data-start=\"3990\" data-end=\"3993\" data-rm-block-id=\"block-55\">\n<h2 data-start=\"3995\" data-end=\"4027\" data-rm-block-id=\"block-56\">10) \u00c9v\u00e9nements hors de notre contr\u00f4le<\/h2>\n<h3 data-start=\"4029\" data-end=\"4051\" data-rm-block-id=\"block-57\">10) \u00c9v\u00e9nements hors de notre contr\u00f4le<\/h3>\n<ul data-start=\"4052\" data-end=\"4196\">\n<li data-start=\"4052\" data-end=\"4095\">\n<p data-start=\"4054\" data-end=\"4095\" data-rm-block-id=\"block-58\">Les visites ont lieu dans la plupart des conditions m\u00e9t\u00e9orologiques.<\/p>\n<\/li>\n<li data-start=\"4096\" data-end=\"4145\">\n<p data-start=\"4098\" data-end=\"4145\" data-rm-block-id=\"block-59\">Des modifications mineures de l&rsquo;itin\u00e9raire peuvent \u00eatre apport\u00e9es pour des raisons de s\u00e9curit\u00e9.<\/p>\n<\/li>\n<li data-start=\"4146\" data-end=\"4196\">\n<p data-start=\"4148\" data-end=\"4196\" data-rm-block-id=\"block-60\">Aucun remboursement n&rsquo;est accord\u00e9 en raison des conditions m\u00e9t\u00e9orologiques.<\/p>\n<\/li>\n<\/ul>\n<h3 data-start=\"4198\" data-end=\"4237\" data-rm-block-id=\"block-61\">Fermetures Ou Restrictions Inattendues<\/h3>\n<p data-start=\"4238\" data-end=\"4398\" data-rm-block-id=\"block-62\">Si un site devient inaccessible (par exemple, mus\u00e9e, palais, route ou vall\u00e9e), un itin\u00e9raire alternatif sera propos\u00e9.<br \/>Aucun remboursement ni compensation ne sera accord\u00e9.<\/p>\n<hr data-start=\"4400\" data-end=\"4403\" data-rm-block-id=\"block-63\">\n<h2 data-start=\"4405\" data-end=\"4435\" data-rm-block-id=\"block-64\">11) Billets &amp; Frais d&rsquo;entr\u00e9e<\/h2>\n<p data-start=\"4437\" data-end=\"4525\" data-rm-block-id=\"block-65\">Dans de rares cas o\u00f9 des billets deviennent indisponibles en raison de circonstances impr\u00e9vues, nous:<\/p>\n<ul data-start=\"4527\" data-end=\"4605\">\n<li data-start=\"4527\" data-end=\"4566\">\n<p data-start=\"4529\" data-end=\"4566\" data-rm-block-id=\"block-66\">proposer une date ou une heure alternative, ou<\/p>\n<\/li>\n<li data-start=\"4567\" data-end=\"4605\">\n<p data-start=\"4569\" data-end=\"4605\" data-rm-block-id=\"block-67\">rembourser int\u00e9gralement le service concern\u00e9.<\/p>\n<\/li>\n<\/ul>\n<hr data-start=\"4607\" data-end=\"4610\" data-rm-block-id=\"block-68\">\n<h2 data-start=\"4612\" data-end=\"4639\" data-rm-block-id=\"block-69\">12) R\u00e9servations de derni\u00e8re minute<\/h2>\n<p data-start=\"4641\" data-end=\"4794\" data-rm-block-id=\"block-70\">Nous faisons toujours de notre mieux pour confirmer les demandes de derni\u00e8re minute.<br \/>Si la disponibilit\u00e9 ne peut \u00eatre garantie pour les guides, les chauffeurs ou les billets, un remboursement int\u00e9gral sera effectu\u00e9.<\/p>\n<hr data-start=\"4796\" data-end=\"4799\" data-rm-block-id=\"block-71\">\n<h2 data-start=\"4801\" data-end=\"4826\" data-rm-block-id=\"block-72\">13) Politique des petits groupes<\/h2>\n<p data-start=\"4828\" data-end=\"4999\" data-rm-block-id=\"block-73\">Marrakechtips privil\u00e9gie des exp\u00e9riences en petits groupes confortables.<br \/>Dans de rares cas, la taille du groupe peut l\u00e9g\u00e8rement d\u00e9passer la limite habituelle afin d&rsquo;accueillir des familles voyageant ensemble.<\/p>\n<hr data-start=\"5001\" data-end=\"5004\" data-rm-block-id=\"block-74\">\n<h2 data-start=\"5006\" data-end=\"5054\" data-rm-block-id=\"block-75\">14) Modifications ou Annulations par Marrakechtips<\/h2>\n<p data-start=\"5056\" data-end=\"5136\" data-rm-block-id=\"block-76\">Si nous devons modifier ou annuler un service en raison de circonstances exceptionnelles, nous :<\/p>\n<ul data-start=\"5138\" data-end=\"5225\">\n<li data-start=\"5138\" data-end=\"5175\">\n<p data-start=\"5140\" data-end=\"5175\" data-rm-block-id=\"block-77\">proposer une solution alternative, ou<\/p>\n<\/li>\n<li data-start=\"5176\" data-end=\"5225\">\n<p data-start=\"5178\" data-end=\"5225\" data-rm-block-id=\"block-78\">fournir un remboursement si aucune alternative n&rsquo;est possible.<\/p>\n<\/li>\n<\/ul>\n<p data-start=\"5227\" data-end=\"5338\" data-rm-block-id=\"block-79\">Marrakechtips n&rsquo;est pas responsable des co\u00fbts externes tels que les vols, les h\u00f4tels, les taxis ou autres d\u00e9penses personnelles.<\/p>\n<hr data-start=\"5340\" data-end=\"5343\" data-rm-block-id=\"block-80\">\n<h2 data-start=\"5345\" data-end=\"5371\" data-rm-block-id=\"block-81\">15) Acceptation des conditions<\/h2>\n<p data-start=\"5373\" data-end=\"5507\" data-rm-block-id=\"block-82\">En confirmant votre r\u00e9servation avec Marrakechtips, vous reconnaissez avoir lu, compris et accept\u00e9 ces Conditions g\u00e9n\u00e9rales.<\/p>\n<p data-start=\"5509\" data-end=\"5592\" data-rm-block-id=\"block-83\">Nous avons h\u00e2te de vous accueillir et de cr\u00e9er des exp\u00e9riences inoubliables au Maroc.<\/p>\n","protected":false},"excerpt":{"rendered":"<p>MARRAKECHTIPS Termes &amp; Conditions Veuillez lire attentivement ces Conditions g\u00e9n\u00e9rales avant de confirmer votre r\u00e9servation avec Marrakechtips.En compl\u00e9tant votre r\u00e9servation et en effectuant le paiement, vous confirmez avoir lu, compris et accept\u00e9 les politiques ci-dessous. Si vous avez des questions, notre \u00e9quipe se fera un plaisir de vous assister avant votre r\u00e9servation. 1) Coupons, R\u00e9ductions [&hellip;]<\/p>\n","protected":false},"author":1,"featured_media":16049,"parent":0,"menu_order":0,"comment_status":"closed","ping_status":"closed","template":"elementor_theme","meta":{"footnotes":""},"class_list":["post-16068","page","type-page","status-publish","has-post-thumbnail","hentry"],"_hostinger_reach_plugin_has_subscription_block":false,"_hostinger_reach_plugin_is_elementor":false,"_links":{"self":[{"href":"https:\/\/marrakechtips.com\/fr\/wp-json\/wp\/v2\/pages\/16068","targetHints":{"allow":["GET"]}}],"collection":[{"href":"https:\/\/marrakechtips.com\/fr\/wp-json\/wp\/v2\/pages"}],"about":[{"href":"https:\/\/marrakechtips.com\/fr\/wp-json\/wp\/v2\/types\/page"}],"author":[{"embeddable":true,"href":"https:\/\/marrakechtips.com\/fr\/wp-json\/wp\/v2\/users\/1"}],"replies":[{"embeddable":true,"href":"https:\/\/marrakechtips.com\/fr\/wp-json\/wp\/v2\/comments?post=16068"}],"version-history":[{"count":7,"href":"https:\/\/marrakechtips.com\/fr\/wp-json\/wp\/v2\/pages\/16068\/revisions"}],"predecessor-version":[{"id":18763,"href":"https:\/\/marrakechtips.com\/fr\/wp-json\/wp\/v2\/pages\/16068\/revisions\/18763"}],"wp:featuredmedia":[{"embeddable":true,"href":"https:\/\/marrakechtips.com\/fr\/wp-json\/wp\/v2\/media\/16049"}],"wp:attachment":[{"href":"https:\/\/marrakechtips.com\/fr\/wp-json\/wp\/v2\/media?parent=16068"}],"curies":[{"name":"wp","href":"https:\/\/api.w.org\/{rel}","templated":true}]}}