{"id":18452,"date":"2026-01-15T23:43:46","date_gmt":"2026-01-15T23:43:46","guid":{"rendered":"https:\/\/marrakechtips.com\/informations-sur-lentreprise\/"},"modified":"2026-01-15T23:51:12","modified_gmt":"2026-01-15T23:51:12","slug":"informations-sur-lentreprise","status":"publish","type":"page","link":"https:\/\/marrakechtips.com\/fr\/informations-sur-lentreprise\/","title":{"rendered":"Informations sur l\u2019entreprise"},"content":{"rendered":"\t\t<div data-elementor-type=\"wp-page\" data-elementor-id=\"18452\" class=\"elementor elementor-18452 elementor-17582\" data-elementor-post-type=\"page\">\n\t\t\t\t<div class=\"elementor-element elementor-element-867a70d e-flex e-con-boxed e-con e-parent\" data-id=\"867a70d\" data-element_type=\"container\" data-e-type=\"container\">\n\t\t\t\t\t<div class=\"e-con-inner\">\n\t\t\t\t<div class=\"elementor-element elementor-element-0502030 elementor-widget elementor-widget-html\" data-id=\"0502030\" data-element_type=\"widget\" data-e-type=\"widget\" data-widget_type=\"html.default\">\n\t\t\t\t<div class=\"elementor-widget-container\">\n\t\t\t\t\t<!-- MarrakechTips About Section (Isolated) -->\n<div id=\"mt-about-wrapper\"><style>#mt-about-wrapper {\n      all: initial;\n      display: block;\n      font-family: Arial, Helvetica, sans-serif;\n      color: #222;\n      line-height: 1.6;\n    }\n\n    #mt-about-wrapper * {\n      box-sizing: border-box;\n    }\n\n    #mt-about-wrapper .container {\n      max-width: 900px;\n      margin: auto;\n      background: #ffffff;\n      padding: 40px 30px;\n    }\n\n    #mt-about-wrapper h1,\n    #mt-about-wrapper h2 {\n      color: #111;\n      margin: 0 0 12px;\n      font-weight: 700;\n    }\n\n    #mt-about-wrapper h1 {\n      font-size: 32px;\n    }\n\n    #mt-about-wrapper h2 {\n      font-size: 22px;\n      margin-top: 40px;\n    }\n\n    #mt-about-wrapper p {\n      font-size: 15px;\n      margin: 10px 0;\n    }\n\n    #mt-about-wrapper ul {\n      padding-left: 20px;\n      margin: 12px 0;\n    }\n\n    #mt-about-wrapper li {\n      margin-bottom: 6px;\n      font-size: 15px;\n    }\n\n    #mt-about-wrapper .badge {\n      display: inline-block;\n      background: #111;\n      color: #fff;\n      padding: 6px 12px;\n      border-radius: 6px;\n      font-size: 13px;\n      margin-bottom: 20px;\n    }\n\n    #mt-about-wrapper .info-box {\n      background: #f2f2f2;\n      padding: 20px;\n      border-left: 4px solid #111;\n      margin-top: 20px;\n    }\n\n    #mt-about-wrapper .cta {\n      margin-top: 40px;\n      text-align: center;\n    }\n\n    #mt-about-wrapper .cta a {\n      background: #111;\n      color: #fff;\n      padding: 14px 26px;\n      border-radius: 8px;\n      text-decoration: none;\n      font-weight: 600;\n      display: inline-block;\n    }\n\n    #mt-about-wrapper .footer-note {\n      margin-top: 50px;\n      font-size: 14px;\n      color: #555;\n      text-align: center;\n    }\n  <\/style><div class=\"container\"><span class=\"badge\">Entreprise enregistr\u00e9e et de confiance<\/span><h1>\u00c0 propos de MarrakechTips<\/h1><p><strong>MarrakechTips<\/strong> est une entreprise de voyage l\u00e9galement enregistr\u00e9e proposant\n      <strong>des exp\u00e9riences locales, des excursions \u00e0 la journ\u00e9e et des circuits de plusieurs jours au Maroc<\/strong>.\n      Nous travaillons directement avec des voyageurs \u00e0 la recherche d\u2019exp\u00e9riences authentiques, s\u00fbres et bien organis\u00e9es,\n      guid\u00e9es par un local de confiance.\n    <\/p><h2>Qui sommes-nous<\/h2><p>MarrakechTips a \u00e9t\u00e9 fond\u00e9e par <strong>Houssine<\/strong>, un professionnel local bas\u00e9 \u00e0 Marrakech,\n      avec plusieurs ann\u00e9es d\u2019exp\u00e9rience aupr\u00e8s de voyageurs internationaux.\n      Notre objectif est simple : aider les visiteurs \u00e0 d\u00e9couvrir le Maroc de mani\u00e8re authentique et responsable.\n    <\/p><h2>Informations l\u00e9gales de l\u2019entreprise<\/h2><div class=\"info-box\"><p><strong>Nom de l\u2019entreprise :<\/strong> MarrakechTips LLC<\/p><p><strong>Type d\u2019activit\u00e9 :<\/strong> Services de voyage et de tourisme<\/p><p><strong>Adresse enregistr\u00e9e :<\/strong><br\/>5830 E 2nd St, Ste 7000 #30489<br\/>Casper, WY 82609<br\/>\u00c9tats-Unis\n      <\/p><p><strong>Lieu d\u2019exploitation :<\/strong> Marrakech, Maroc<\/p><\/div><p>MarrakechTips op\u00e8re en toute transparence et collabore avec des partenaires locaux agr\u00e9\u00e9s,\n      des chauffeurs et des guides afin de garantir que tous les services r\u00e9pondent aux standards professionnels.\n    <\/p><h2>Pourquoi les voyageurs font confiance \u00e0 MarrakechTips<\/h2><ul><li>\u2714 Entreprise enregistr\u00e9e<\/li><li>\u2714 Exp\u00e9riences locales authentiques, loin du tourisme de masse<\/li><li>\u2714 Communication directe via WhatsApp ou email<\/li><li>\u2714 Avis clients v\u00e9rifi\u00e9s et clients fid\u00e8les<\/li><li>\u2714 Paiements s\u00e9curis\u00e9s via des plateformes fiables<\/li><\/ul><h2>Notre engagement<\/h2><p>Nous croyons que la confiance se construit gr\u00e2ce \u00e0 l\u2019honn\u00eatet\u00e9, la transparence et un service personnalis\u00e9.\n      Du premier message jusqu\u2019\u00e0 la fin de votre voyage, nous restons disponibles pour vous accompagner,\n      r\u00e9pondre \u00e0 vos questions et faire en sorte que votre exp\u00e9rience au Maroc soit inoubliable.\n    <\/p><div class=\"cta\"><a href=\"https:\/\/marrakechtips.com\/fr\/contact\/\">Contactez-nous \/ R\u00e9servez en toute confiance<\/a><\/div><div class=\"footer-note\">\u00a9 MarrakechTips \u2013 Exp\u00e9riences locales authentiques au Maroc\n    <\/div><\/div><\/div><!-- End MarrakechTips About Section -->\n\t\t\t\t<\/div>\n\t\t\t\t<\/div>\n\t\t\t\t\t<\/div>\n\t\t\t\t<\/div>\n\t\t\t\t<\/div>\n\t\t","protected":false},"excerpt":{"rendered":"<p>Entreprise enregistr\u00e9e et de confiance \u00c0 propos de MarrakechTips MarrakechTips est une entreprise de voyage l\u00e9galement enregistr\u00e9e proposant des exp\u00e9riences locales, des excursions \u00e0 la journ\u00e9e et des circuits de plusieurs jours au Maroc. Nous travaillons directement avec des voyageurs \u00e0 la recherche d\u2019exp\u00e9riences authentiques, s\u00fbres et bien organis\u00e9es, guid\u00e9es par un local de confiance. [&hellip;]<\/p>\n","protected":false},"author":1,"featured_media":17923,"parent":0,"menu_order":0,"comment_status":"closed","ping_status":"closed","template":"","meta":{"footnotes":""},"class_list":["post-18452","page","type-page","status-publish","has-post-thumbnail","hentry"],"_hostinger_reach_plugin_has_subscription_block":false,"_hostinger_reach_plugin_is_elementor":false,"_links":{"self":[{"href":"https:\/\/marrakechtips.com\/fr\/wp-json\/wp\/v2\/pages\/18452","targetHints":{"allow":["GET"]}}],"collection":[{"href":"https:\/\/marrakechtips.com\/fr\/wp-json\/wp\/v2\/pages"}],"about":[{"href":"https:\/\/marrakechtips.com\/fr\/wp-json\/wp\/v2\/types\/page"}],"author":[{"embeddable":true,"href":"https:\/\/marrakechtips.com\/fr\/wp-json\/wp\/v2\/users\/1"}],"replies":[{"embeddable":true,"href":"https:\/\/marrakechtips.com\/fr\/wp-json\/wp\/v2\/comments?post=18452"}],"version-history":[{"count":7,"href":"https:\/\/marrakechtips.com\/fr\/wp-json\/wp\/v2\/pages\/18452\/revisions"}],"predecessor-version":[{"id":18473,"href":"https:\/\/marrakechtips.com\/fr\/wp-json\/wp\/v2\/pages\/18452\/revisions\/18473"}],"wp:featuredmedia":[{"embeddable":true,"href":"https:\/\/marrakechtips.com\/fr\/wp-json\/wp\/v2\/media\/17923"}],"wp:attachment":[{"href":"https:\/\/marrakechtips.com\/fr\/wp-json\/wp\/v2\/media?parent=18452"}],"curies":[{"name":"wp","href":"https:\/\/api.w.org\/{rel}","templated":true}]}}