{"id":18522,"date":"2026-01-16T11:07:10","date_gmt":"2026-01-16T11:07:10","guid":{"rendered":"https:\/\/marrakechtips.com\/blog\/"},"modified":"2026-01-16T11:07:16","modified_gmt":"2026-01-16T11:07:16","slug":"blog","status":"publish","type":"page","link":"https:\/\/marrakechtips.com\/fr\/blog\/","title":{"rendered":"Blog"},"content":{"rendered":"\t\t<div data-elementor-type=\"wp-page\" data-elementor-id=\"18522\" class=\"elementor elementor-18522 elementor-15095\" data-elementor-post-type=\"page\">\n\t\t\t\t\t\t<section class=\"elementor-section elementor-top-section elementor-element elementor-element-b24c3c9 elementor-section-boxed elementor-section-height-default elementor-section-height-default\" data-id=\"b24c3c9\" data-element_type=\"section\" data-e-type=\"section\" data-settings=\"{&quot;background_background&quot;:&quot;classic&quot;}\">\n\t\t\t\t\t\t<div class=\"elementor-container elementor-column-gap-no\">\n\t\t\t\t\t<div class=\"elementor-column elementor-col-66 elementor-top-column elementor-element elementor-element-fc3909a\" data-id=\"fc3909a\" data-element_type=\"column\" data-e-type=\"column\">\n\t\t\t<div class=\"elementor-widget-wrap elementor-element-populated\">\n\t\t\t\t\t\t<div class=\"elementor-element elementor-element-473afc7f elementor-grid-2 elementor-grid-tablet-2 elementor-grid-mobile-1 elementor-posts--thumbnail-top elementor-widget elementor-widget-posts\" data-id=\"473afc7f\" data-element_type=\"widget\" data-e-type=\"widget\" data-settings=\"{&quot;classic_columns&quot;:&quot;2&quot;,&quot;classic_masonry&quot;:&quot;yes&quot;,&quot;classic_row_gap&quot;:{&quot;unit&quot;:&quot;px&quot;,&quot;size&quot;:30,&quot;sizes&quot;:[]},&quot;pagination_type&quot;:&quot;numbers_and_prev_next&quot;,&quot;classic_columns_tablet&quot;:&quot;2&quot;,&quot;classic_columns_mobile&quot;:&quot;1&quot;,&quot;classic_row_gap_laptop&quot;:{&quot;unit&quot;:&quot;px&quot;,&quot;size&quot;:&quot;&quot;,&quot;sizes&quot;:[]},&quot;classic_row_gap_tablet&quot;:{&quot;unit&quot;:&quot;px&quot;,&quot;size&quot;:&quot;&quot;,&quot;sizes&quot;:[]},&quot;classic_row_gap_mobile&quot;:{&quot;unit&quot;:&quot;px&quot;,&quot;size&quot;:&quot;&quot;,&quot;sizes&quot;:[]}}\" data-widget_type=\"posts.classic\">\n\t\t\t\t<div class=\"elementor-widget-container\">\n\t\t\t\t\t\t\t<div class=\"elementor-posts-container elementor-posts elementor-posts--skin-classic elementor-grid\" role=\"list\">\n\t\t\t\t<article class=\"elementor-post elementor-grid-item post-18256 post type-post status-publish format-standard has-post-thumbnail hentry category-conseils-de-voyage-et-conseils-pratiques tag-voyage-vers-morocco\" role=\"listitem\">\n\t\t\t\t<a class=\"elementor-post__thumbnail__link\" href=\"https:\/\/marrakechtips.com\/fr\/decouvrez-morocco-un-pays-de-contrastes-infinis\/\" tabindex=\"-1\" >\n\t\t\t<div class=\"elementor-post__thumbnail\"><img fetchpriority=\"high\" decoding=\"async\" width=\"800\" height=\"600\" src=\"https:\/\/marrakechtips.com\/wp-content\/uploads\/2026\/01\/3889785-800x600.jpeg\" class=\"attachment-medium size-medium wp-image-18253\" alt=\"Un couple romantique se tenant la main avec une vue sur Chefchaouen, Morocco au cr\u00e9puscule.\" srcset=\"https:\/\/marrakechtips.com\/wp-content\/uploads\/2026\/01\/3889785-800x600.jpeg 800w, https:\/\/marrakechtips.com\/wp-content\/uploads\/2026\/01\/3889785-1200x900.jpeg 1200w, https:\/\/marrakechtips.com\/wp-content\/uploads\/2026\/01\/3889785-400x300.jpeg 400w\" sizes=\"(max-width: 800px) 100vw, 800px\" \/><\/div>\n\t\t<\/a>\n\t\t\t\t<div class=\"elementor-post__text\">\n\t\t\t\t<h3 class=\"elementor-post__title\">\n\t\t\t<a href=\"https:\/\/marrakechtips.com\/fr\/decouvrez-morocco-un-pays-de-contrastes-infinis\/\" >\n\t\t\t\tD\u00e9couvrez Morocco: Un pays de contrastes infinis\t\t\t<\/a>\n\t\t<\/h3>\n\t\t\t\t<div class=\"elementor-post__meta-data\">\n\t\t\t\t\t<span class=\"elementor-post-avatar\">\n\t\t\tAucun commentaire\t\t<\/span>\n\t\t\t\t<\/div>\n\t\t\t\t<div class=\"elementor-post__excerpt\">\n\t\t\t<p>Morocco est un pays vaste et captivant, s&rsquo;\u00e9tendant de la c\u00f4te Mediterranean au nord aux<\/p>\n\t\t<\/div>\n\t\t\t\t<\/div>\n\t\t\t\t<\/article>\n\t\t\t\t<article class=\"elementor-post elementor-grid-item post-18246 post type-post status-publish format-standard has-post-thumbnail hentry category-culture-amazigh category-experiences-culturelles-et-traditions tag-culture-amazigh\" role=\"listitem\">\n\t\t\t\t<a class=\"elementor-post__thumbnail__link\" href=\"https:\/\/marrakechtips.com\/fr\/traditions-et-signification-du-nouvel-an-amazigh-yennayer-2026-au-morocco\/\" tabindex=\"-1\" >\n\t\t\t<div class=\"elementor-post__thumbnail\"><img decoding=\"async\" width=\"800\" height=\"600\" src=\"https:\/\/marrakechtips.com\/wp-content\/uploads\/2026\/01\/k2zcm7lcj8e-800x600.jpg\" class=\"attachment-medium size-medium wp-image-18243\" alt=\"plat saut\u00e9 servi sur une assiette\" srcset=\"https:\/\/marrakechtips.com\/wp-content\/uploads\/2026\/01\/k2zcm7lcj8e-800x600.jpg 800w, https:\/\/marrakechtips.com\/wp-content\/uploads\/2026\/01\/k2zcm7lcj8e-1200x900.jpg 1200w, https:\/\/marrakechtips.com\/wp-content\/uploads\/2026\/01\/k2zcm7lcj8e-400x300.jpg 400w\" sizes=\"(max-width: 800px) 100vw, 800px\" \/><\/div>\n\t\t<\/a>\n\t\t\t\t<div class=\"elementor-post__text\">\n\t\t\t\t<h3 class=\"elementor-post__title\">\n\t\t\t<a href=\"https:\/\/marrakechtips.com\/fr\/traditions-et-signification-du-nouvel-an-amazigh-yennayer-2026-au-morocco\/\" >\n\t\t\t\tTraditions et signification du Nouvel An Amazigh Yennayer 2026 au Morocco\t\t\t<\/a>\n\t\t<\/h3>\n\t\t\t\t<div class=\"elementor-post__meta-data\">\n\t\t\t\t\t<span class=\"elementor-post-avatar\">\n\t\t\tAucun commentaire\t\t<\/span>\n\t\t\t\t<\/div>\n\t\t\t\t<div class=\"elementor-post__excerpt\">\n\t\t\t<p>Joyeux Nouvel An Amazigh Yennayer 2026 au Morocco Chez MarrakechTips, nous aimons partager les traditions<\/p>\n\t\t<\/div>\n\t\t\t\t<\/div>\n\t\t\t\t<\/article>\n\t\t\t\t<\/div>\n\t\t\n\t\t\t\t\t\t<\/div>\n\t\t\t\t<\/div>\n\t\t\t\t\t<\/div>\n\t\t<\/div>\n\t\t\t\t<div class=\"elementor-column elementor-col-33 elementor-top-column elementor-element elementor-element-63c7f80f\" data-id=\"63c7f80f\" data-element_type=\"column\" data-e-type=\"column\">\n\t\t\t<div class=\"elementor-widget-wrap elementor-element-populated\">\n\t\t\t\t\t\t<div class=\"elementor-element elementor-element-6a991799 elementor-widget elementor-widget-heading\" data-id=\"6a991799\" data-element_type=\"widget\" data-e-type=\"widget\" data-widget_type=\"heading.default\">\n\t\t\t\t<div class=\"elementor-widget-container\">\n\t\t\t\t\t<h5 class=\"elementor-heading-title elementor-size-default\">Messages r\u00e9cents<\/h5>\t\t\t\t<\/div>\n\t\t\t\t<\/div>\n\t\t\t\t<div class=\"elementor-element elementor-element-155e30f4 elementor-grid-1 elementor-grid-tablet-1 elementor-posts--thumbnail-left elementor-grid-mobile-1 elementor-widget elementor-widget-posts\" data-id=\"155e30f4\" data-element_type=\"widget\" data-e-type=\"widget\" data-settings=\"{&quot;classic_columns&quot;:&quot;1&quot;,&quot;classic_columns_tablet&quot;:&quot;1&quot;,&quot;classic_row_gap&quot;:{&quot;unit&quot;:&quot;px&quot;,&quot;size&quot;:15,&quot;sizes&quot;:[]},&quot;classic_columns_mobile&quot;:&quot;1&quot;,&quot;classic_row_gap_laptop&quot;:{&quot;unit&quot;:&quot;px&quot;,&quot;size&quot;:&quot;&quot;,&quot;sizes&quot;:[]},&quot;classic_row_gap_tablet&quot;:{&quot;unit&quot;:&quot;px&quot;,&quot;size&quot;:&quot;&quot;,&quot;sizes&quot;:[]},&quot;classic_row_gap_mobile&quot;:{&quot;unit&quot;:&quot;px&quot;,&quot;size&quot;:&quot;&quot;,&quot;sizes&quot;:[]}}\" data-widget_type=\"posts.classic\">\n\t\t\t\t<div class=\"elementor-widget-container\">\n\t\t\t\t\t\t\t<div class=\"elementor-posts-container elementor-posts elementor-posts--skin-classic elementor-grid\" role=\"list\">\n\t\t\t\t<article class=\"elementor-post elementor-grid-item post-18256 post type-post status-publish format-standard has-post-thumbnail hentry category-conseils-de-voyage-et-conseils-pratiques tag-voyage-vers-morocco\" role=\"listitem\">\n\t\t\t\t<a class=\"elementor-post__thumbnail__link\" href=\"https:\/\/marrakechtips.com\/fr\/decouvrez-morocco-un-pays-de-contrastes-infinis\/\" tabindex=\"-1\" >\n\t\t\t<div class=\"elementor-post__thumbnail\"><img fetchpriority=\"high\" decoding=\"async\" width=\"800\" height=\"600\" src=\"https:\/\/marrakechtips.com\/wp-content\/uploads\/2026\/01\/3889785-800x600.jpeg\" class=\"attachment-medium size-medium wp-image-18253\" alt=\"Un couple romantique se tenant la main avec une vue sur Chefchaouen, Morocco au cr\u00e9puscule.\" srcset=\"https:\/\/marrakechtips.com\/wp-content\/uploads\/2026\/01\/3889785-800x600.jpeg 800w, https:\/\/marrakechtips.com\/wp-content\/uploads\/2026\/01\/3889785-1200x900.jpeg 1200w, https:\/\/marrakechtips.com\/wp-content\/uploads\/2026\/01\/3889785-400x300.jpeg 400w\" sizes=\"(max-width: 800px) 100vw, 800px\" \/><\/div>\n\t\t<\/a>\n\t\t\t\t<div class=\"elementor-post__text\">\n\t\t\t\t<h3 class=\"elementor-post__title\">\n\t\t\t<a href=\"https:\/\/marrakechtips.com\/fr\/decouvrez-morocco-un-pays-de-contrastes-infinis\/\" >\n\t\t\t\tD\u00e9couvrez Morocco: Un pays de contrastes infinis\t\t\t<\/a>\n\t\t<\/h3>\n\t\t\t\t<div class=\"elementor-post__meta-data\">\n\t\t\t\t\t<span class=\"elementor-post-date\">\n\t\t\t2026-01-15\t\t<\/span>\n\t\t\t\t<\/div>\n\t\t\t\t<\/div>\n\t\t\t\t<\/article>\n\t\t\t\t<article class=\"elementor-post elementor-grid-item post-18246 post type-post status-publish format-standard has-post-thumbnail hentry category-culture-amazigh category-experiences-culturelles-et-traditions tag-culture-amazigh\" role=\"listitem\">\n\t\t\t\t<a class=\"elementor-post__thumbnail__link\" href=\"https:\/\/marrakechtips.com\/fr\/traditions-et-signification-du-nouvel-an-amazigh-yennayer-2026-au-morocco\/\" tabindex=\"-1\" >\n\t\t\t<div class=\"elementor-post__thumbnail\"><img decoding=\"async\" width=\"800\" height=\"600\" src=\"https:\/\/marrakechtips.com\/wp-content\/uploads\/2026\/01\/k2zcm7lcj8e-800x600.jpg\" class=\"attachment-medium size-medium wp-image-18243\" alt=\"plat saut\u00e9 servi sur une assiette\" srcset=\"https:\/\/marrakechtips.com\/wp-content\/uploads\/2026\/01\/k2zcm7lcj8e-800x600.jpg 800w, https:\/\/marrakechtips.com\/wp-content\/uploads\/2026\/01\/k2zcm7lcj8e-1200x900.jpg 1200w, https:\/\/marrakechtips.com\/wp-content\/uploads\/2026\/01\/k2zcm7lcj8e-400x300.jpg 400w\" sizes=\"(max-width: 800px) 100vw, 800px\" \/><\/div>\n\t\t<\/a>\n\t\t\t\t<div class=\"elementor-post__text\">\n\t\t\t\t<h3 class=\"elementor-post__title\">\n\t\t\t<a href=\"https:\/\/marrakechtips.com\/fr\/traditions-et-signification-du-nouvel-an-amazigh-yennayer-2026-au-morocco\/\" >\n\t\t\t\tTraditions et signification du Nouvel An Amazigh Yennayer 2026 au Morocco\t\t\t<\/a>\n\t\t<\/h3>\n\t\t\t\t<div class=\"elementor-post__meta-data\">\n\t\t\t\t\t<span class=\"elementor-post-date\">\n\t\t\t2026-01-15\t\t<\/span>\n\t\t\t\t<\/div>\n\t\t\t\t<\/div>\n\t\t\t\t<\/article>\n\t\t\t\t<\/div>\n\t\t\n\t\t\t\t\t\t<\/div>\n\t\t\t\t<\/div>\n\t\t\t\t<div class=\"elementor-element elementor-element-7f0398 elementor-widget-divider--view-line elementor-widget elementor-widget-divider\" data-id=\"7f0398\" data-element_type=\"widget\" data-e-type=\"widget\" data-widget_type=\"divider.default\">\n\t\t\t\t<div class=\"elementor-widget-container\">\n\t\t\t\t\t\t\t<div class=\"elementor-divider\">\n\t\t\t<span class=\"elementor-divider-separator\">\n\t\t\t\t\t\t<\/span>\n\t\t<\/div>\n\t\t\t\t\t\t<\/div>\n\t\t\t\t<\/div>\n\t\t\t\t<div class=\"elementor-element elementor-element-11bccb28 elementor-widget elementor-widget-heading\" data-id=\"11bccb28\" data-element_type=\"widget\" data-e-type=\"widget\" data-widget_type=\"heading.default\">\n\t\t\t\t<div class=\"elementor-widget-container\">\n\t\t\t\t\t<h5 class=\"elementor-heading-title elementor-size-default\">about me<\/h5>\t\t\t\t<\/div>\n\t\t\t\t<\/div>\n\t\t\t\t<div class=\"elementor-element elementor-element-b5d21 elementor-widget elementor-widget-image\" data-id=\"b5d21\" data-element_type=\"widget\" data-e-type=\"widget\" data-widget_type=\"image.default\">\n\t\t\t\t<div class=\"elementor-widget-container\">\n\t\t\t\t\t\t\t\t\t\t\t\t\t\t\t<img decoding=\"async\" width=\"1200\" height=\"900\" src=\"https:\/\/marrakechtips.com\/wp-content\/uploads\/2025\/12\/ba76e014-432e-4895-9f89-35da29bb6656-1200x900.jpeg\" class=\"attachment-large size-large wp-image-18273\" alt=\"\" srcset=\"https:\/\/marrakechtips.com\/wp-content\/uploads\/2025\/12\/ba76e014-432e-4895-9f89-35da29bb6656-1200x900.jpeg 1200w, https:\/\/marrakechtips.com\/wp-content\/uploads\/2025\/12\/ba76e014-432e-4895-9f89-35da29bb6656-800x600.jpeg 800w, https:\/\/marrakechtips.com\/wp-content\/uploads\/2025\/12\/ba76e014-432e-4895-9f89-35da29bb6656-400x300.jpeg 400w, https:\/\/marrakechtips.com\/wp-content\/uploads\/2025\/12\/ba76e014-432e-4895-9f89-35da29bb6656-768x576.jpeg 768w, https:\/\/marrakechtips.com\/wp-content\/uploads\/2025\/12\/ba76e014-432e-4895-9f89-35da29bb6656.jpeg 2048w\" sizes=\"(max-width: 1200px) 100vw, 1200px\" \/>\t\t\t\t\t\t\t\t\t\t\t\t\t\t\t<\/div>\n\t\t\t\t<\/div>\n\t\t\t\t<div class=\"elementor-element elementor-element-520b5c99 elementor-widget elementor-widget-text-editor\" data-id=\"520b5c99\" data-element_type=\"widget\" data-e-type=\"widget\" data-widget_type=\"text-editor.default\">\n\t\t\t\t<div class=\"elementor-widget-container\">\n\t\t\t\t\t\t\t\t\t<p style=\"text-align: center;\">Bonjour, je suis Houssine, votre guide local du vrai Maroc. j&rsquo;ai pass\u00e9 des ann\u00e9es \u00e0 aider les voyageurs \u00e0 d\u00e9couvrir la beaut\u00e9 du Maroc: culture authentique, musique envo\u00fbtante, trekking et cuisine locale, et des voyages inoubliables dans le d\u00e9sert. Que vous planifiiez une escapade rapide le temps d&rsquo;un week-end ou une aventure de deux semaines \u00e0 travers le Maroc, je cr\u00e9erai des exp\u00e9riences qui vous connectent au c\u0153ur de ce pays, pas seulement aux sites touristiques. Cr\u00e9ons des souvenirs qui durent toute une vie.   <\/p>\t\t\t\t\t\t\t\t<\/div>\n\t\t\t\t<\/div>\n\t\t\t\t<div class=\"elementor-element elementor-element-5e82684 elementor-widget-divider--view-line elementor-widget elementor-widget-divider\" data-id=\"5e82684\" data-element_type=\"widget\" data-e-type=\"widget\" data-widget_type=\"divider.default\">\n\t\t\t\t<div class=\"elementor-widget-container\">\n\t\t\t\t\t\t\t<div class=\"elementor-divider\">\n\t\t\t<span class=\"elementor-divider-separator\">\n\t\t\t\t\t\t<\/span>\n\t\t<\/div>\n\t\t\t\t\t\t<\/div>\n\t\t\t\t<\/div>\n\t\t\t\t<div class=\"elementor-element elementor-element-53bcc4d elementor-widget elementor-widget-heading\" data-id=\"53bcc4d\" data-element_type=\"widget\" data-e-type=\"widget\" data-widget_type=\"heading.default\">\n\t\t\t\t<div class=\"elementor-widget-container\">\n\t\t\t\t\t<h4 class=\"elementor-heading-title elementor-size-default\">Join our private newsletter<\/h4>\t\t\t\t<\/div>\n\t\t\t\t<\/div>\n\t\t\t\t<div class=\"elementor-element elementor-element-1da3f8c8 elementor-widget elementor-widget-text-editor\" data-id=\"1da3f8c8\" data-element_type=\"widget\" data-e-type=\"widget\" data-widget_type=\"text-editor.default\">\n\t\t\t\t<div class=\"elementor-widget-container\">\n\t\t\t\t\t\t\t\t\t<p>Subscribe to our monthly newsletter to stay informed.<\/p>\t\t\t\t\t\t\t\t<\/div>\n\t\t\t\t<\/div>\n\t\t\t\t<div class=\"elementor-element elementor-element-7a959ba5 elementor-button-align-stretch elementor-widget elementor-widget-form\" data-id=\"7a959ba5\" data-element_type=\"widget\" data-e-type=\"widget\" data-settings=\"{&quot;button_width&quot;:&quot;25&quot;,&quot;button_width_mobile&quot;:&quot;25&quot;,&quot;step_next_label&quot;:&quot;Suivant&quot;,&quot;step_previous_label&quot;:&quot;Pr\\u00e9c\\u00e9dent&quot;,&quot;step_type&quot;:&quot;number_text&quot;,&quot;step_icon_shape&quot;:&quot;circle&quot;}\" data-widget_type=\"form.default\">\n\t\t\t\t<div class=\"elementor-widget-container\">\n\t\t\t\t\t\t\t<form class=\"elementor-form\" method=\"post\" name=\"Nouveau formulaire\" aria-label=\"Nouveau formulaire\">\n\t\t\t<input type=\"hidden\" name=\"post_id\" value=\"18522\"\/>\n\t\t\t<input type=\"hidden\" name=\"form_id\" value=\"7a959ba5\"\/>\n\t\t\t<input type=\"hidden\" name=\"referer_title\" value=\"Blog\" \/>\n\n\t\t\t\t\t\t\t<input type=\"hidden\" name=\"queried_id\" value=\"18522\"\/>\n\t\t\t\n\t\t\t<div class=\"elementor-form-fields-wrapper elementor-labels-\">\n\t\t\t\t\t\t\t\t<div class=\"elementor-field-type-email elementor-field-group elementor-column elementor-field-group-email elementor-col-75 elementor-sm-75 elementor-field-required\">\n\t\t\t\t\t\t\t\t\t\t\t\t<label for=\"form-field-email\" class=\"elementor-field-label elementor-screen-only\">\n\t\t\t\t\t\t\t\tEmail\t\t\t\t\t\t\t<\/label>\n\t\t\t\t\t\t\t\t\t\t\t\t\t\t<input size=\"1\" type=\"email\" name=\"form_fields[email]\" id=\"form-field-email\" class=\"elementor-field elementor-size-sm  elementor-field-textual\" placeholder=\"Your Email\" required=\"required\">\n\t\t\t\t\t\t\t\t\t\t\t<\/div>\n\t\t\t\t\t\t\t\t<div class=\"elementor-field-group elementor-column elementor-field-type-submit elementor-col-25 e-form__buttons elementor-sm-25\">\n\t\t\t\t\t<button class=\"elementor-button elementor-size-sm\" type=\"submit\">\n\t\t\t\t\t\t<span class=\"elementor-button-content-wrapper\">\n\t\t\t\t\t\t\t\t\t\t\t\t\t\t\t<span class=\"elementor-button-icon\">\n\t\t\t\t\t\t\t\t\t<svg aria-hidden=\"true\" class=\"e-font-icon-svg e-far-bell\" viewBox=\"0 0 448 512\" xmlns=\"http:\/\/www.w3.org\/2000\/svg\"><path d=\"M439.39 362.29c-19.32-20.76-55.47-51.99-55.47-154.29 0-77.7-54.48-139.9-127.94-155.16V32c0-17.67-14.32-32-31.98-32s-31.98 14.33-31.98 32v20.84C118.56 68.1 64.08 130.3 64.08 208c0 102.3-36.15 133.53-55.47 154.29-6 6.45-8.66 14.16-8.61 21.71.11 16.4 12.98 32 32.1 32h383.8c19.12 0 32-15.6 32.1-32 .05-7.55-2.61-15.27-8.61-21.71zM67.53 368c21.22-27.97 44.42-74.33 44.53-159.42 0-.2-.06-.38-.06-.58 0-61.86 50.14-112 112-112s112 50.14 112 112c0 .2-.06.38-.06.58.11 85.1 23.31 131.46 44.53 159.42H67.53zM224 512c35.32 0 63.97-28.65 63.97-64H160.03c0 35.35 28.65 64 63.97 64z\"><\/path><\/svg>\t\t\t\t\t\t\t\t\t\t\t\t\t\t\t\t\t\t\t<span class=\"elementor-screen-only\">Submit<\/span>\n\t\t\t\t\t\t\t\t\t\t\t\t\t\t\t\t\t<\/span>\n\t\t\t\t\t\t\t\t\t\t\t\t\t\t\t\t\t\t\t\t<\/span>\n\t\t\t\t\t<\/button>\n\t\t\t\t<\/div>\n\t\t\t<\/div>\n\t\t<\/form>\n\t\t\t\t\t\t<\/div>\n\t\t\t\t<\/div>\n\t\t\t\t\t<\/div>\n\t\t<\/div>\n\t\t\t\t\t<\/div>\n\t\t<\/section>\n\t\t\t\t<\/div>\n\t\t","protected":false},"excerpt":{"rendered":"<p>Messages r\u00e9cents about me Bonjour, je suis Houssine, votre guide local du vrai Maroc. j&rsquo;ai pass\u00e9 des ann\u00e9es \u00e0 aider les voyageurs \u00e0 d\u00e9couvrir la<\/p>\n","protected":false},"author":1,"featured_media":18512,"parent":0,"menu_order":0,"comment_status":"closed","ping_status":"closed","template":"elementor_theme","meta":{"footnotes":""},"class_list":["post-18522","page","type-page","status-publish","has-post-thumbnail","hentry"],"_hostinger_reach_plugin_has_subscription_block":false,"_hostinger_reach_plugin_is_elementor":false,"_links":{"self":[{"href":"https:\/\/marrakechtips.com\/fr\/wp-json\/wp\/v2\/pages\/18522","targetHints":{"allow":["GET"]}}],"collection":[{"href":"https:\/\/marrakechtips.com\/fr\/wp-json\/wp\/v2\/pages"}],"about":[{"href":"https:\/\/marrakechtips.com\/fr\/wp-json\/wp\/v2\/types\/page"}],"author":[{"embeddable":true,"href":"https:\/\/marrakechtips.com\/fr\/wp-json\/wp\/v2\/users\/1"}],"replies":[{"embeddable":true,"href":"https:\/\/marrakechtips.com\/fr\/wp-json\/wp\/v2\/comments?post=18522"}],"version-history":[{"count":1,"href":"https:\/\/marrakechtips.com\/fr\/wp-json\/wp\/v2\/pages\/18522\/revisions"}],"predecessor-version":[{"id":18526,"href":"https:\/\/marrakechtips.com\/fr\/wp-json\/wp\/v2\/pages\/18522\/revisions\/18526"}],"wp:featuredmedia":[{"embeddable":true,"href":"https:\/\/marrakechtips.com\/fr\/wp-json\/wp\/v2\/media\/18512"}],"wp:attachment":[{"href":"https:\/\/marrakechtips.com\/fr\/wp-json\/wp\/v2\/media?parent=18522"}],"curies":[{"name":"wp","href":"https:\/\/api.w.org\/{rel}","templated":true}]}}